{"id":5695,"date":"2025-11-12T16:40:19","date_gmt":"2025-11-12T15:40:19","guid":{"rendered":"https:\/\/onlyyou-weddingplanner.fr\/?post_type=product&#038;p=5695"},"modified":"2025-11-12T16:42:17","modified_gmt":"2025-11-12T15:42:17","slug":"brunch-card-elegance-copie-copie","status":"publish","type":"product","link":"https:\/\/onlyyou-weddingplanner.fr\/en\/boutique\/brunch-card-elegance-copie-copie\/","title":{"rendered":"Brunch card Elegance (Copie) (Copie)"},"content":{"rendered":"\t\t<div data-elementor-type=\"product-post\" data-elementor-id=\"5695\" class=\"elementor elementor-5695 elementor-5684\" data-elementor-post-type=\"product\">\n\t\t\t\t<div class=\"elementor-element elementor-element-3956fa3 e-flex e-con-boxed e-con e-parent\" data-id=\"3956fa3\" data-element_type=\"container\" data-settings=\"{&quot;background_background&quot;:&quot;classic&quot;}\">\n\t\t\t\t\t<div class=\"e-con-inner\">\n\t\t\t\t<div class=\"elementor-element elementor-element-1ca1d15 elementor-widget elementor-widget-text-editor\" data-id=\"1ca1d15\" data-element_type=\"widget\" data-widget_type=\"text-editor.default\">\n\t\t\t\t<div class=\"elementor-widget-container\">\n\t\t\t\t\t\t\t\t\t<p>Dimensions: 11 cm x 5.5 cm<br>Material: 220 g pink paper <br>Typography: gold finish<\/p>\t\t\t\t\t\t\t\t<\/div>\n\t\t\t\t<\/div>\n\t\t\t\t\t<\/div>\n\t\t\t\t<\/div>\n\t\t<div class=\"elementor-element elementor-element-9a6981a e-flex e-con-boxed e-con e-parent\" data-id=\"9a6981a\" data-element_type=\"container\" data-settings=\"{&quot;background_background&quot;:&quot;classic&quot;}\">\n\t\t\t\t\t<div class=\"e-con-inner\">\n\t\t\t\t<div class=\"elementor-element elementor-element-2162a6c elementor-widget elementor-widget-image\" data-id=\"2162a6c\" data-element_type=\"widget\" data-widget_type=\"image.default\">\n\t\t\t\t<div class=\"elementor-widget-container\">\n\t\t\t\t\t\t\t\t\t\t\t\t\t\t\t<img alt=\"\" decoding=\"async\" width=\"2\" height=\"140\" src=\"https:\/\/onlyyou-weddingplanner.fr\/wp-content\/uploads\/2024\/12\/ligne.png\" class=\"attachment-large size-large wp-image-2420\" alt=\"\" \/>\t\t\t\t\t\t\t\t\t\t\t\t\t\t\t<\/div>\n\t\t\t\t<\/div>\n\t\t\t\t\t<\/div>\n\t\t\t\t<\/div>\n\t\t<div class=\"elementor-element elementor-element-b69abe2 e-flex e-con-boxed e-con e-parent\" data-id=\"b69abe2\" data-element_type=\"container\" data-settings=\"{&quot;background_background&quot;:&quot;classic&quot;}\">\n\t\t\t\t\t<div class=\"e-con-inner\">\n\t\t<div class=\"elementor-element elementor-element-508ca6c e-flex e-con-boxed e-con e-child\" data-id=\"508ca6c\" data-element_type=\"container\">\n\t\t\t\t\t<div class=\"e-con-inner\">\n\t\t\t\t<div class=\"elementor-element elementor-element-11e64be elementor-widget elementor-widget-heading\" data-id=\"11e64be\" data-element_type=\"widget\" data-widget_type=\"heading.default\">\n\t\t\t\t<div class=\"elementor-widget-container\">\n\t\t\t\t\t<h3 class=\"elementor-heading-title elementor-size-default\">In the same category...<\/h3>\t\t\t\t<\/div>\n\t\t\t\t<\/div>\n\t\t\t\t\t<\/div>\n\t\t\t\t<\/div>\n\t\t\t\t\t<\/div>\n\t\t\t\t<\/div>\n\t\t\t\t<\/div>\n\t\t","protected":false},"excerpt":{"rendered":"<p data-start=\"257\" data-end=\"564\">Discover the <strong data-start=\"270\" data-end=\"314\">\u201c\u00c9l\u00e9gance\u201d wedding stationery collection<\/strong>, designed for couples seeking sobriety and refinement \ud83c\udf3f. Printed on premium 210g ivory textured paper, this set stands out with its delicate feel and chic look, enhanced by fine ginkgo leaf illustrations \u2014 a symbol of eternal love and prosperity.<\/p>\n<p data-start=\"566\" data-end=\"603\"><strong data-start=\"568\" data-end=\"601\">Available items :<\/strong><\/p>\n<ul data-start=\"604\" data-end=\"761\">\n<li data-start=\"604\" data-end=\"649\">\n<p data-start=\"606\" data-end=\"649\">Wedding invitations &amp; Save the Date cards<\/p>\n<\/li>\n<li data-start=\"650\" data-end=\"672\">\n<p data-start=\"652\" data-end=\"672\">Personalized menus<\/p>\n<\/li>\n<li data-start=\"673\" data-end=\"690\">\n<p data-start=\"675\" data-end=\"690\">Table numbers<\/p>\n<\/li>\n<li data-start=\"691\" data-end=\"717\">\n<p data-start=\"693\" data-end=\"717\">Guest name place cards<\/p>\n<\/li>\n<li data-start=\"718\" data-end=\"741\">\n<p data-start=\"720\" data-end=\"741\">RSVP &amp; brunch cards<\/p>\n<\/li>\n<li data-start=\"742\" data-end=\"761\">\n<p data-start=\"744\" data-end=\"761\">Thank-you cards<\/p>\n<\/li>\n<\/ul>\n<p data-start=\"763\" data-end=\"895\">With its timeless and elegant design, this stationery pairs beautifully with natural, romantic, or chic minimalist wedding themes.<\/p>\n<p data-start=\"897\" data-end=\"914\"><strong data-start=\"899\" data-end=\"912\">Features:<\/strong><\/p>\n<ul data-start=\"915\" data-end=\"1091\">\n<li data-start=\"915\" data-end=\"957\">\n<p data-start=\"917\" data-end=\"957\">High-quality 210g ivory textured paper<\/p>\n<\/li>\n<li data-start=\"958\" data-end=\"988\">\n<p data-start=\"960\" data-end=\"988\">Refined ginkgo leaf motifs<\/p>\n<\/li>\n<li data-start=\"989\" data-end=\"1045\">\n<p data-start=\"991\" data-end=\"1045\">Full personalization: names, date, text &amp; typography<\/p>\n<\/li>\n<li data-start=\"1046\" data-end=\"1068\">\n<p data-start=\"1048\" data-end=\"1068\">Handmade in France<\/p>\n<\/li>\n<li data-start=\"1069\" data-end=\"1091\">\n<p data-start=\"1071\" data-end=\"1091\">Sold in sets of 10<\/p>\n<\/li>\n<\/ul>\n<p data-start=\"1093\" data-end=\"1217\">This <strong data-start=\"1098\" data-end=\"1153\">elegant ivory wedding stationery with ginkgo motifs<\/strong> brings harmony, delicacy, and sophistication to your big day.<\/p>\n","protected":false},"featured_media":5707,"template":"","meta":{"_seopress_robots_primary_cat":"none","_seopress_titles_title":"Carte Brunch Vert Sauge","_seopress_titles_desc":"Collection Sauge : papeterie de mariage vert sauge et transparente, chic et naturelle. Personnalisable, artisanale et \u00e9l\u00e9gante, pour un mariage raffin\u00e9.","_seopress_robots_index":""},"product_brand":[],"product_cat":[78],"product_tag":[],"class_list":{"0":"post-5695","1":"product","2":"type-product","3":"status-publish","4":"has-post-thumbnail","6":"product_cat-wood","8":"first","9":"instock","10":"shipping-taxable","11":"purchasable","12":"product-type-variable"},"_links":{"self":[{"href":"https:\/\/onlyyou-weddingplanner.fr\/en\/wp-json\/wp\/v2\/product\/5695","targetHints":{"allow":["GET"]}}],"collection":[{"href":"https:\/\/onlyyou-weddingplanner.fr\/en\/wp-json\/wp\/v2\/product"}],"about":[{"href":"https:\/\/onlyyou-weddingplanner.fr\/en\/wp-json\/wp\/v2\/types\/product"}],"version-history":[{"count":1,"href":"https:\/\/onlyyou-weddingplanner.fr\/en\/wp-json\/wp\/v2\/product\/5695\/revisions"}],"predecessor-version":[{"id":5708,"href":"https:\/\/onlyyou-weddingplanner.fr\/en\/wp-json\/wp\/v2\/product\/5695\/revisions\/5708"}],"wp:featuredmedia":[{"embeddable":true,"href":"https:\/\/onlyyou-weddingplanner.fr\/en\/wp-json\/wp\/v2\/media\/5707"}],"wp:attachment":[{"href":"https:\/\/onlyyou-weddingplanner.fr\/en\/wp-json\/wp\/v2\/media?parent=5695"}],"wp:term":[{"taxonomy":"product_brand","embeddable":true,"href":"https:\/\/onlyyou-weddingplanner.fr\/en\/wp-json\/wp\/v2\/product_brand?post=5695"},{"taxonomy":"product_cat","embeddable":true,"href":"https:\/\/onlyyou-weddingplanner.fr\/en\/wp-json\/wp\/v2\/product_cat?post=5695"},{"taxonomy":"product_tag","embeddable":true,"href":"https:\/\/onlyyou-weddingplanner.fr\/en\/wp-json\/wp\/v2\/product_tag?post=5695"}],"curies":[{"name":"wp","href":"https:\/\/api.w.org\/{rel}","templated":true}]}}