{"id":4129,"date":"2025-02-28T12:32:49","date_gmt":"2025-02-28T11:32:49","guid":{"rendered":"https:\/\/onlyyou-weddingplanner.fr\/?post_type=product&#038;p=4129"},"modified":"2025-10-07T11:55:09","modified_gmt":"2025-10-07T09:55:09","slug":"menu-douceur-2","status":"publish","type":"product","link":"https:\/\/onlyyou-weddingplanner.fr\/en\/boutique\/menu-douceur-2\/","title":{"rendered":"Menu Douceur"},"content":{"rendered":"\t\t<div data-elementor-type=\"product-post\" data-elementor-id=\"4129\" class=\"elementor elementor-4129\" data-elementor-post-type=\"product\">\n\t\t\t\t<div class=\"elementor-element elementor-element-3956fa3 e-flex e-con-boxed e-con e-parent\" data-id=\"3956fa3\" data-element_type=\"container\" data-settings=\"{&quot;background_background&quot;:&quot;classic&quot;}\">\n\t\t\t\t\t<div class=\"e-con-inner\">\n\t\t\t\t<div class=\"elementor-element elementor-element-1ca1d15 elementor-widget elementor-widget-text-editor\" data-id=\"1ca1d15\" data-element_type=\"widget\" data-widget_type=\"text-editor.default\">\n\t\t\t\t<div class=\"elementor-widget-container\">\n\t\t\t\t\t\t\t\t\t<p>Dimensions : 15,5 cm x 11,5 cm<br \/>Mat\u00e9riau : Papier rose 120 g\u00a0<br \/>Typographie : finition dor\u00e9e<\/p>\t\t\t\t\t\t\t\t<\/div>\n\t\t\t\t<\/div>\n\t\t\t\t\t<\/div>\n\t\t\t\t<\/div>\n\t\t<div class=\"elementor-element elementor-element-9a6981a e-flex e-con-boxed e-con e-parent\" data-id=\"9a6981a\" data-element_type=\"container\" data-settings=\"{&quot;background_background&quot;:&quot;classic&quot;}\">\n\t\t\t\t\t<div class=\"e-con-inner\">\n\t\t\t\t<div class=\"elementor-element elementor-element-2162a6c elementor-widget elementor-widget-image\" data-id=\"2162a6c\" data-element_type=\"widget\" data-widget_type=\"image.default\">\n\t\t\t\t<div class=\"elementor-widget-container\">\n\t\t\t\t\t\t\t\t\t\t\t\t\t\t\t<img alt=\"\" decoding=\"async\" width=\"2\" height=\"140\" src=\"https:\/\/onlyyou-weddingplanner.fr\/wp-content\/uploads\/2024\/12\/ligne.png\" class=\"attachment-large size-large wp-image-2420\" alt=\"\" \/>\t\t\t\t\t\t\t\t\t\t\t\t\t\t\t<\/div>\n\t\t\t\t<\/div>\n\t\t\t\t\t<\/div>\n\t\t\t\t<\/div>\n\t\t<div class=\"elementor-element elementor-element-b69abe2 e-flex e-con-boxed e-con e-parent\" data-id=\"b69abe2\" data-element_type=\"container\" data-settings=\"{&quot;background_background&quot;:&quot;classic&quot;}\">\n\t\t\t\t\t<div class=\"e-con-inner\">\n\t\t<div class=\"elementor-element elementor-element-508ca6c e-flex e-con-boxed e-con e-child\" data-id=\"508ca6c\" data-element_type=\"container\">\n\t\t\t\t\t<div class=\"e-con-inner\">\n\t\t\t\t<div class=\"elementor-element elementor-element-11e64be elementor-widget elementor-widget-heading\" data-id=\"11e64be\" data-element_type=\"widget\" data-widget_type=\"heading.default\">\n\t\t\t\t<div class=\"elementor-widget-container\">\n\t\t\t\t\t<h3 class=\"elementor-heading-title elementor-size-default\">Dans la m\u00eame cat\u00e9gorie...<\/h3>\t\t\t\t<\/div>\n\t\t\t\t<\/div>\n\t\t\t\t\t<\/div>\n\t\t\t\t<\/div>\n\t\t\t\t\t<\/div>\n\t\t\t\t<\/div>\n\t\t\t\t<\/div>\n\t\t","protected":false},"excerpt":{"rendered":"<p data-start=\"667\" data-end=\"933\">Apportez une touche de raffinement \u00e0 votre mariage avec notre <strong data-start=\"729\" data-end=\"764\">collection de papeterie Douceur<\/strong> \ud83d\udc95. Con\u00e7ue pour les mari\u00e9s en qu\u00eate d\u2019\u00e9l\u00e9gance, cette gamme associe la <strong data-start=\"836\" data-end=\"857\">sobri\u00e9t\u00e9 du blanc<\/strong>, la <strong data-start=\"862\" data-end=\"885\">d\u00e9licatesse du nude<\/strong> et une <strong data-start=\"893\" data-end=\"930\">typographie moderne et romantique<\/strong>.<\/p>\n<p data-start=\"935\" data-end=\"1043\">Chaque \u00e9l\u00e9ment est pens\u00e9 pour sublimer vos tables et harmoniser l\u2019ensemble de votre papeterie de mariage :<\/p>\n<p data-start=\"1045\" data-end=\"1080\"><strong data-start=\"1048\" data-end=\"1076\">D\u00e9clinaisons disponibles<\/strong> :<\/p>\n<ul data-start=\"1081\" data-end=\"1236\">\n<li data-start=\"1081\" data-end=\"1111\">\n<p data-start=\"1083\" data-end=\"1111\">Faire-part &amp; save the date<\/p>\n<\/li>\n<li data-start=\"1112\" data-end=\"1130\">\n<p data-start=\"1114\" data-end=\"1130\">Menus de table<\/p>\n<\/li>\n<li data-start=\"1131\" data-end=\"1158\">\n<p data-start=\"1133\" data-end=\"1158\">Cartons de remerciement<\/p>\n<\/li>\n<li data-start=\"1159\" data-end=\"1179\">\n<p data-start=\"1161\" data-end=\"1179\">Num\u00e9ros de table<\/p>\n<\/li>\n<li data-start=\"1180\" data-end=\"1211\">\n<p data-start=\"1182\" data-end=\"1211\">Marque-places personnalis\u00e9s<\/p>\n<\/li>\n<li data-start=\"1212\" data-end=\"1236\">\n<p data-start=\"1214\" data-end=\"1236\">Cartons r\u00e9ponse RSVP<\/p>\n<\/li>\n<\/ul>\n<p data-start=\"1238\" data-end=\"1264\"><strong data-start=\"1240\" data-end=\"1262\">Caract\u00e9ristiques :<\/strong><\/p>\n<ul data-start=\"1265\" data-end=\"1452\">\n<li data-start=\"1265\" data-end=\"1308\">\n<p data-start=\"1267\" data-end=\"1308\">Papier cartonn\u00e9 de haute qualit\u00e9<\/p>\n<\/li>\n<li data-start=\"1309\" data-end=\"1352\">\n<p data-start=\"1311\" data-end=\"1352\">D\u00e9coupe festonn\u00e9e pour un rendu raffin\u00e9<\/p>\n<\/li>\n<li data-start=\"1353\" data-end=\"1414\">\n<p data-start=\"1355\" data-end=\"1414\">Personnalisation des textes et couleurs selon votre th\u00e8me<\/p>\n<\/li>\n<li data-start=\"1415\" data-end=\"1452\">\n<p data-start=\"1417\" data-end=\"1452\">Fabrication artisanale et soign\u00e9e<\/p>\n<\/li>\n<li data-start=\"1415\" data-end=\"1452\">Vendu par 5<\/li>\n<\/ul>\n<p data-start=\"1454\" data-end=\"1542\">Une papeterie chic et intemporelle, parfaite pour un mariage \u00e9l\u00e9gant et romantique.<\/p>\n","protected":false},"featured_media":1868,"template":"","meta":{"_seopress_robots_primary_cat":"none","_seopress_titles_title":"Menu Douceur","_seopress_titles_desc":"Papeterie mariage Douceur : menus, save the date, cartons de remerciement, num\u00e9ros de table et marque-places. Design \u00e9l\u00e9gant sur papier nude et blanc.","_seopress_robots_index":""},"product_brand":[],"product_cat":[116,36],"product_tag":[],"class_list":{"0":"post-4129","1":"product","2":"type-product","3":"status-publish","4":"has-post-thumbnail","6":"product_cat-papeterie","7":"product_cat-douceur","9":"first","10":"instock","11":"shipping-taxable","12":"purchasable","13":"product-type-variable"},"_links":{"self":[{"href":"https:\/\/onlyyou-weddingplanner.fr\/en\/wp-json\/wp\/v2\/product\/4129","targetHints":{"allow":["GET"]}}],"collection":[{"href":"https:\/\/onlyyou-weddingplanner.fr\/en\/wp-json\/wp\/v2\/product"}],"about":[{"href":"https:\/\/onlyyou-weddingplanner.fr\/en\/wp-json\/wp\/v2\/types\/product"}],"version-history":[{"count":2,"href":"https:\/\/onlyyou-weddingplanner.fr\/en\/wp-json\/wp\/v2\/product\/4129\/revisions"}],"predecessor-version":[{"id":5082,"href":"https:\/\/onlyyou-weddingplanner.fr\/en\/wp-json\/wp\/v2\/product\/4129\/revisions\/5082"}],"wp:featuredmedia":[{"embeddable":true,"href":"https:\/\/onlyyou-weddingplanner.fr\/en\/wp-json\/wp\/v2\/media\/1868"}],"wp:attachment":[{"href":"https:\/\/onlyyou-weddingplanner.fr\/en\/wp-json\/wp\/v2\/media?parent=4129"}],"wp:term":[{"taxonomy":"product_brand","embeddable":true,"href":"https:\/\/onlyyou-weddingplanner.fr\/en\/wp-json\/wp\/v2\/product_brand?post=4129"},{"taxonomy":"product_cat","embeddable":true,"href":"https:\/\/onlyyou-weddingplanner.fr\/en\/wp-json\/wp\/v2\/product_cat?post=4129"},{"taxonomy":"product_tag","embeddable":true,"href":"https:\/\/onlyyou-weddingplanner.fr\/en\/wp-json\/wp\/v2\/product_tag?post=4129"}],"curies":[{"name":"wp","href":"https:\/\/api.w.org\/{rel}","templated":true}]}}