{"id":3098,"date":"2025-01-06T15:30:37","date_gmt":"2025-01-06T14:30:37","guid":{"rendered":"https:\/\/onlyyou-weddingplanner.fr\/shop\/celeste-table-number\/"},"modified":"2025-10-02T17:07:12","modified_gmt":"2025-10-02T15:07:12","slug":"celeste-table-number","status":"publish","type":"product","link":"https:\/\/onlyyou-weddingplanner.fr\/en\/boutique\/celeste-table-number\/","title":{"rendered":"Celeste table number"},"content":{"rendered":"\t\t<div data-elementor-type=\"product-post\" data-elementor-id=\"3098\" class=\"elementor elementor-3098\" data-elementor-post-type=\"product\">\n\t\t\t\t<div class=\"elementor-element elementor-element-3956fa3 e-flex e-con-boxed e-con e-parent\" data-id=\"3956fa3\" data-element_type=\"container\" data-settings=\"{&quot;background_background&quot;:&quot;classic&quot;}\">\n\t\t\t\t\t<div class=\"e-con-inner\">\n\t\t\t\t<div class=\"elementor-element elementor-element-1ca1d15 elementor-widget elementor-widget-text-editor\" data-id=\"1ca1d15\" data-element_type=\"widget\" data-widget_type=\"text-editor.default\">\n\t\t\t\t<div class=\"elementor-widget-container\">\n\t\t\t\t\t\t\t\t\t<p>Dimensions: 10 cm x 14.5 cm<br>Material: 285 g paper <br>Typography: gold finish<\/p>\t\t\t\t\t\t\t\t<\/div>\n\t\t\t\t<\/div>\n\t\t\t\t\t<\/div>\n\t\t\t\t<\/div>\n\t\t<div class=\"elementor-element elementor-element-9a6981a e-flex e-con-boxed e-con e-parent\" data-id=\"9a6981a\" data-element_type=\"container\" data-settings=\"{&quot;background_background&quot;:&quot;classic&quot;}\">\n\t\t\t\t\t<div class=\"e-con-inner\">\n\t\t\t\t<div class=\"elementor-element elementor-element-2162a6c elementor-widget elementor-widget-image\" data-id=\"2162a6c\" data-element_type=\"widget\" data-widget_type=\"image.default\">\n\t\t\t\t<div class=\"elementor-widget-container\">\n\t\t\t\t\t\t\t\t\t\t\t\t\t\t\t<img alt=\"\" decoding=\"async\" width=\"2\" height=\"140\" src=\"https:\/\/onlyyou-weddingplanner.fr\/wp-content\/uploads\/2024\/12\/ligne.png\" class=\"attachment-large size-large wp-image-2420\" alt=\"\" \/>\t\t\t\t\t\t\t\t\t\t\t\t\t\t\t<\/div>\n\t\t\t\t<\/div>\n\t\t\t\t\t<\/div>\n\t\t\t\t<\/div>\n\t\t<div class=\"elementor-element elementor-element-b69abe2 e-flex e-con-boxed e-con e-parent\" data-id=\"b69abe2\" data-element_type=\"container\" data-settings=\"{&quot;background_background&quot;:&quot;classic&quot;}\">\n\t\t\t\t\t<div class=\"e-con-inner\">\n\t\t<div class=\"elementor-element elementor-element-508ca6c e-flex e-con-boxed e-con e-child\" data-id=\"508ca6c\" data-element_type=\"container\">\n\t\t\t\t\t<div class=\"e-con-inner\">\n\t\t\t\t<div class=\"elementor-element elementor-element-11e64be elementor-widget elementor-widget-heading\" data-id=\"11e64be\" data-element_type=\"widget\" data-widget_type=\"heading.default\">\n\t\t\t\t<div class=\"elementor-widget-container\">\n\t\t\t\t\t<h3 class=\"elementor-heading-title elementor-size-default\">In the same category...<\/h3>\t\t\t\t<\/div>\n\t\t\t\t<\/div>\n\t\t\t\t\t<\/div>\n\t\t\t\t<\/div>\n\t\t\t\t\t<\/div>\n\t\t\t\t<\/div>\n\t\t\t\t<\/div>\n\t\t","protected":false},"excerpt":{"rendered":"<p>text<\/p>\n<p>Per 5<\/p>\n","protected":false},"featured_media":2882,"template":"","meta":{"_seopress_robots_primary_cat":"none","_seopress_titles_title":"Num\u00e9ro de table C\u00e9leste","_seopress_titles_desc":"D\u00e9couvrez notre papeterie C\u00e9leste \r\nPapier bleu marine, finition dor\u00e9e","_seopress_robots_index":""},"product_brand":[],"product_cat":[80],"product_tag":[],"class_list":{"0":"post-3098","1":"product","2":"type-product","3":"status-publish","4":"has-post-thumbnail","6":"product_cat-stationery","8":"first","9":"instock","10":"shipping-taxable","11":"purchasable","12":"product-type-variable"},"_links":{"self":[{"href":"https:\/\/onlyyou-weddingplanner.fr\/en\/wp-json\/wp\/v2\/product\/3098","targetHints":{"allow":["GET"]}}],"collection":[{"href":"https:\/\/onlyyou-weddingplanner.fr\/en\/wp-json\/wp\/v2\/product"}],"about":[{"href":"https:\/\/onlyyou-weddingplanner.fr\/en\/wp-json\/wp\/v2\/types\/product"}],"version-history":[{"count":2,"href":"https:\/\/onlyyou-weddingplanner.fr\/en\/wp-json\/wp\/v2\/product\/3098\/revisions"}],"predecessor-version":[{"id":5128,"href":"https:\/\/onlyyou-weddingplanner.fr\/en\/wp-json\/wp\/v2\/product\/3098\/revisions\/5128"}],"wp:featuredmedia":[{"embeddable":true,"href":"https:\/\/onlyyou-weddingplanner.fr\/en\/wp-json\/wp\/v2\/media\/2882"}],"wp:attachment":[{"href":"https:\/\/onlyyou-weddingplanner.fr\/en\/wp-json\/wp\/v2\/media?parent=3098"}],"wp:term":[{"taxonomy":"product_brand","embeddable":true,"href":"https:\/\/onlyyou-weddingplanner.fr\/en\/wp-json\/wp\/v2\/product_brand?post=3098"},{"taxonomy":"product_cat","embeddable":true,"href":"https:\/\/onlyyou-weddingplanner.fr\/en\/wp-json\/wp\/v2\/product_cat?post=3098"},{"taxonomy":"product_tag","embeddable":true,"href":"https:\/\/onlyyou-weddingplanner.fr\/en\/wp-json\/wp\/v2\/product_tag?post=3098"}],"curies":[{"name":"wp","href":"https:\/\/api.w.org\/{rel}","templated":true}]}}