{"id":3085,"date":"2025-01-06T15:28:01","date_gmt":"2025-01-06T14:28:01","guid":{"rendered":"https:\/\/onlyyou-weddingplanner.fr\/shop\/celestial-menu\/"},"modified":"2025-09-24T12:47:45","modified_gmt":"2025-09-24T10:47:45","slug":"celestial-menu","status":"publish","type":"product","link":"https:\/\/onlyyou-weddingplanner.fr\/en\/boutique\/celestial-menu\/","title":{"rendered":"Celestial menu"},"content":{"rendered":"\t\t<div data-elementor-type=\"product-post\" data-elementor-id=\"3085\" class=\"elementor elementor-3085\" data-elementor-post-type=\"product\">\n\t\t\t\t<div class=\"elementor-element elementor-element-3956fa3 e-flex e-con-boxed e-con e-parent\" data-id=\"3956fa3\" data-element_type=\"container\" data-settings=\"{&quot;background_background&quot;:&quot;classic&quot;}\">\n\t\t\t\t\t<div class=\"e-con-inner\">\n\t\t\t\t<div class=\"elementor-element elementor-element-1ca1d15 elementor-widget elementor-widget-text-editor\" data-id=\"1ca1d15\" data-element_type=\"widget\" data-widget_type=\"text-editor.default\">\n\t\t\t\t<div class=\"elementor-widget-container\">\n\t\t\t\t\t\t\t\t\t<p>Dimensions: 10 cm x 14.5 cm<br>Material: 285 g paper <br>Typography: gold finish<\/p>\t\t\t\t\t\t\t\t<\/div>\n\t\t\t\t<\/div>\n\t\t\t\t\t<\/div>\n\t\t\t\t<\/div>\n\t\t<div class=\"elementor-element elementor-element-9a6981a e-flex e-con-boxed e-con e-parent\" data-id=\"9a6981a\" data-element_type=\"container\" data-settings=\"{&quot;background_background&quot;:&quot;classic&quot;}\">\n\t\t\t\t\t<div class=\"e-con-inner\">\n\t\t\t\t<div class=\"elementor-element elementor-element-2162a6c elementor-widget elementor-widget-image\" data-id=\"2162a6c\" data-element_type=\"widget\" data-widget_type=\"image.default\">\n\t\t\t\t<div class=\"elementor-widget-container\">\n\t\t\t\t\t\t\t\t\t\t\t\t\t\t\t<img alt=\"\" decoding=\"async\" width=\"2\" height=\"140\" src=\"https:\/\/onlyyou-weddingplanner.fr\/wp-content\/uploads\/2024\/12\/ligne.png\" class=\"attachment-large size-large wp-image-2420\" alt=\"\" \/>\t\t\t\t\t\t\t\t\t\t\t\t\t\t\t<\/div>\n\t\t\t\t<\/div>\n\t\t\t\t\t<\/div>\n\t\t\t\t<\/div>\n\t\t<div class=\"elementor-element elementor-element-b69abe2 e-flex e-con-boxed e-con e-parent\" data-id=\"b69abe2\" data-element_type=\"container\" data-settings=\"{&quot;background_background&quot;:&quot;classic&quot;}\">\n\t\t\t\t\t<div class=\"e-con-inner\">\n\t\t<div class=\"elementor-element elementor-element-508ca6c e-flex e-con-boxed e-con e-child\" data-id=\"508ca6c\" data-element_type=\"container\">\n\t\t\t\t\t<div class=\"e-con-inner\">\n\t\t\t\t<div class=\"elementor-element elementor-element-11e64be elementor-widget elementor-widget-heading\" data-id=\"11e64be\" data-element_type=\"widget\" data-widget_type=\"heading.default\">\n\t\t\t\t<div class=\"elementor-widget-container\">\n\t\t\t\t\t<h3 class=\"elementor-heading-title elementor-size-default\">In the same category...<\/h3>\t\t\t\t<\/div>\n\t\t\t\t<\/div>\n\t\t\t\t\t<\/div>\n\t\t\t\t<\/div>\n\t\t\t\t\t<\/div>\n\t\t\t\t<\/div>\n\t\t\t\t<\/div>\n\t\t","protected":false},"excerpt":{"rendered":"<p>text<\/p>\n<p>Per 10<\/p>\n","protected":false},"featured_media":2879,"template":"","meta":{"_seopress_robots_primary_cat":"none","_seopress_titles_title":"Menu C\u00e9leste","_seopress_titles_desc":"D\u00e9couvrez notre papeterie C\u00e9leste \r\nPapier bleu marine, finition dor\u00e9e","_seopress_robots_index":""},"product_brand":[],"product_cat":[78],"product_tag":[],"class_list":{"0":"post-3085","1":"product","2":"type-product","3":"status-publish","4":"has-post-thumbnail","6":"product_cat-wood","8":"first","9":"instock","10":"shipping-taxable","11":"purchasable","12":"product-type-variable"},"_links":{"self":[{"href":"https:\/\/onlyyou-weddingplanner.fr\/en\/wp-json\/wp\/v2\/product\/3085","targetHints":{"allow":["GET"]}}],"collection":[{"href":"https:\/\/onlyyou-weddingplanner.fr\/en\/wp-json\/wp\/v2\/product"}],"about":[{"href":"https:\/\/onlyyou-weddingplanner.fr\/en\/wp-json\/wp\/v2\/types\/product"}],"version-history":[{"count":1,"href":"https:\/\/onlyyou-weddingplanner.fr\/en\/wp-json\/wp\/v2\/product\/3085\/revisions"}],"predecessor-version":[{"id":3097,"href":"https:\/\/onlyyou-weddingplanner.fr\/en\/wp-json\/wp\/v2\/product\/3085\/revisions\/3097"}],"wp:featuredmedia":[{"embeddable":true,"href":"https:\/\/onlyyou-weddingplanner.fr\/en\/wp-json\/wp\/v2\/media\/2879"}],"wp:attachment":[{"href":"https:\/\/onlyyou-weddingplanner.fr\/en\/wp-json\/wp\/v2\/media?parent=3085"}],"wp:term":[{"taxonomy":"product_brand","embeddable":true,"href":"https:\/\/onlyyou-weddingplanner.fr\/en\/wp-json\/wp\/v2\/product_brand?post=3085"},{"taxonomy":"product_cat","embeddable":true,"href":"https:\/\/onlyyou-weddingplanner.fr\/en\/wp-json\/wp\/v2\/product_cat?post=3085"},{"taxonomy":"product_tag","embeddable":true,"href":"https:\/\/onlyyou-weddingplanner.fr\/en\/wp-json\/wp\/v2\/product_tag?post=3085"}],"curies":[{"name":"wp","href":"https:\/\/api.w.org\/{rel}","templated":true}]}}